{"id":5812,"date":"2023-02-12T08:44:06","date_gmt":"2023-02-12T08:44:06","guid":{"rendered":"https:\/\/edn.com.vn\/?page_id=5812"},"modified":"2024-05-01T20:40:15","modified_gmt":"2024-05-01T20:40:15","slug":"about-us","status":"publish","type":"page","link":"https:\/\/edn.com.vn\/vi\/about-us\/","title":{"rendered":"V\u1ec0 CH\u00daNG T\u00d4I"},"content":{"rendered":"<div class=\"p-about\">\n<div class=\"about-blocks\">\n<div class=\"about-block\">\n<p>\n                \u0110\u00fang nh\u01b0 tinh th\u1ea7n t\u1eeb nh\u1eefng ng\u00e0y \u0111\u1ea7u th\u00e0nh l\u1eadp <strong>\u201cEDN l\u00e0 c\u00f4ng ty c\u1ee7a kh\u00e1t v\u1ecdng v\u00e0 nhi\u1ec7t huy\u1ebft kh\u00e1c v\u1edbi c\u00f4ng ty th\u00f4ng th\u01b0\u1eddng, EDN lu\u00f4n h\u01b0\u1edbng \u0111\u1ebfn s\u1ef1 \u0111\u01a1n gi\u1ea3n v\u00e0 kh\u00f4ng c\u00f3 \u00fd \u0111\u1ecbnh tr\u1edf th\u00e0nh s\u1ed1 m\u1ed9t\u201d<\/strong>. N\u0103m 2013, C\u00d4NG TY TNHH C\u00d4NG NGH\u1ec6 EDN \u0111\u01b0\u1ee3c th\u00e0nh l\u1eadp b\u1edfi \u00f4ng Nguy\u1ec5n Thanh D\u01b0\u01a1ng, th\u00e0nh vi\u00ean trong nh\u00f3m l\u1eadp tr\u00ecnh DNA g\u1ed3m nhi\u1ec1u sinh vi\u00ean xu\u1ea5t s\u1eafc c\u1ee7a Aprotrain Aptech. \u0110\u00e2y l\u00e0 m\u1ed9t trong nh\u1eefng b\u01b0\u1edbc ti\u1ebfn l\u1edbn \u0111\u01b0\u1ee3c x\u00e2y d\u1ef1ng b\u1eb1ng \u00fd ch\u00ed, nhi\u1ec7t huy\u1ebft, kh\u00e1t v\u1ecdng c\u1ee7a tu\u1ed5i tr\u1ebb v\u00e0 t\u00ednh chuy\u00ean nghi\u1ec7p. <br \/>\n\t\t\t\t\tTrong su\u1ed1t h\u01a1n 10 n\u0103m k\u1ec3 t\u1eeb khi th\u00e0nh l\u1eadp, EDN \u0111\u00e3 \u0111\u1ea1t \u0111\u01b0\u1ee3c nhi\u1ec1u b\u01b0\u1edbc ti\u1ebfn c\u0169ng nh\u01b0 tri\u1ec3n khai v\u00e0 h\u1ee3p t\u00e1c gia c\u00f4ng s\u1ea3n ph\u1ea9m cho nhi\u1ec1u c\u00f4ng ty l\u1edbn v\u00e0 uy t\u00edn trong ng\u00e0nh c\u00f4ng ngh\u1ec7 th\u00f4ng tin t\u1ea1i Vi\u1ec7t Nam. EDN lu\u00f4n x\u00e2y d\u1ef1ng m\u00f4i tr\u01b0\u1eddng c\u1edfi m\u1edf, chia s\u1ebb, t\u1ea1o m\u00f4i tr\u01b0\u1eddng tho\u1ea3i m\u00e1i, t\u1ed1t nh\u1ea5t cho m\u1ecdi th\u00e0nh vi\u00ean trong c\u00f4ng ty.\n            <\/p>\n<\/p><\/div>\n<div class=\"about-block\">\n<h2 class=\"c-ttl01\">NH\u00c0 L\u00c3NH \u0110\u1ea0O<\/h2>\n<p>            <!-- \t\t\t\t\n\n<h5>\n\t\t\t\t\tCEO \u2013 Nguy\u1ec5n Thanh D\u01b0\u01a1ng\n\t\t\t\t<\/h5>\n\n --><\/p>\n<p>\n                C\u00f4ng ty C\u00f4ng ngh\u1ec7 EDN \u0111\u01b0\u1ee3c x\u00e2y d\u1ef1ng l\u00ean b\u1eb1ng ni\u1ec1m \u0111am m\u00ea v\u00e0 \u00fd ch\u00ed, kh\u00e1t v\u1ecdng v\u1ec1 m\u1ed9t m\u00f4i tr\u01b0\u1eddng chuy\u00ean nghi\u1ec7p, n\u0103ng \u0111\u1ed9ng h\u01b0\u1edbng \u0111\u1ebfn s\u1ef1 duy nh\u1ea5t. V\u1eeba l\u00e0 nh\u00e0 s\u00e1ng l\u1eadp v\u1eeba l\u00e3nh \u0111\u1ea1o EDN, \u00f4ng <a href=https:\/\/edn.com.vn\/vi\/my-journey\/><strong>Nguy\u1ec5n Thanh D\u01b0\u01a1ng<\/strong><\/a> \u0111\u00e3 th\u1ec3 hi\u1ec7n xu\u1ea5t s\u1eafc n\u0103ng l\u1ef1c c\u1ee7a m\u00ecnh qua vi\u1ec7c truy\u1ec1n t\u1ea3i tinh th\u1ea7n c\u1ee7a c\u00f4ng ty v\u00e0 \u0111\u1ecbnh h\u01b0\u1edbng ph\u00e1t tri\u1ec3n v\u1eefng v\u00e0ng. <br \/>\n\u0110\u1ed3ng h\u00e0nh c\u00f9ng s\u1ef1 ph\u00e1t tri\u1ec3n c\u1ee7a EDN kh\u00f4ng th\u1ec3 thi\u1ebfu \u0111\u1ed9i ng\u0169 ch\u1ee7 ch\u1ed1t gi\u00e0u kinh nghi\u1ec7m v\u1edbi chuy\u00ean m\u00f4n cao. S\u1ee9c tr\u1ebb nhi\u1ec7t huy\u1ebft c\u1ee7a nh\u1eefng m\u1ea3nh gh\u00e9p trong \u0111\u1ed9i ng\u0169 \u0111\u00e3 g\u00f3p ph\u1ea7n c\u1ee7ng c\u1ed1 v\u00e0 t\u1ea1o ra c\u00e1c s\u1ea3n ph\u1ea9m gi\u00e1 tr\u1ecb tr\u00ean th\u1ecb tr\u01b0\u1eddng c\u00f4ng ngh\u1ec7 Vi\u1ec7t Nam v\u00e0 qu\u1ed1c t\u1ebf.\n            <\/p>\n<\/p><\/div>\n<div class=\"about-block\">\n<h2 class=\"c-ttl01\">H\u1ec6 T\u01af T\u01af\u1edeNG C\u1ee6A CH\u00daNG T\u00d4I<\/h2>\n<p>\n                H\u1ec7 t\u01b0 t\u01b0\u1edfng c\u1ee7a ch\u00fang t\u00f4i d\u1ef1a tr\u00ean ti\u00ean \u0111\u1ec1 <strong>\u201cS\u1eed d\u1ee5ng ngu\u1ed3n l\u1ef1c c\u00f3 ki\u1ec3m so\u00e1t nh\u01b0ng kh\u00f4ng ki\u1ec3m so\u00e1t ngu\u1ed3n l\u1ef1c\u201d<\/strong> v\u00e0 t\u1eadp trung v\u00e0o ba y\u1ebfu t\u1ed1 c\u1ed1t l\u00f5i: S\u1ee9 m\u1ec7nh, T\u1ea7m nh\u00ecn v\u00e0 V\u0103n h\u00f3a.            <\/p>\n<p>\n                <strong>S\u1ee8 M\u1ec6NH <\/strong>c\u1ee7a ch\u00fang t\u00f4i l\u00e0 <em>Ki\u1ebfn t\u1ea1o n\u1ec1n t\u1ea3ng th\u00f4ng tin h\u1eefu \u00edch v\u00e0 d\u1ec5 d\u00e0ng cho m\u1ecdi ng\u01b0\u1eddi<\/em>. Ch\u00fang t\u00f4i tin r\u1eb1ng th\u00f4ng tin l\u00e0 quy\u1ec1n l\u1ee3i c\u01a1 b\u1ea3n c\u1ee7a m\u1ed7i c\u00e1 nh\u00e2n v\u00e0 ch\u00fang t\u00f4i cam k\u1ebft cung c\u1ea5p n\u1ec1n t\u1ea3ng n\u00e0y mi\u1ec5n ph\u00ed cho m\u1ecdi ng\u01b0\u1eddi.            <\/p>\n<p>\n                <strong>T\u1ea6M NH\u00ccN <\/strong>c\u1ee7a ch\u00fang t\u00f4i l\u00e0 <em>M\u1ed7i m\u1ea3nh gh\u00e9p c\u1ee7a EDN \u0111\u1ec1u mang l\u1ea1i gi\u00e1 tr\u1ecb t\u1ed1i \u01b0u cho m\u1ecdi ng\u01b0\u1eddi ch\u1ec9 b\u1eb1ng m\u1ed9t c\u00fa ch\u1ea1m<\/em>. Ch\u00fang t\u00f4i kh\u00f4ng ch\u1ec9 \u0111\u1eb7t m\u1ee5c ti\u00eau l\u00e0 cung c\u1ea5p th\u00f4ng tin, m\u00e0 c\u00f2n \u0111\u1ea3m b\u1ea3o r\u1eb1ng m\u1ed7i d\u1ecbch v\u1ee5, m\u1ed7i t\u00ednh n\u0103ng \u0111\u1ec1u ph\u1ea3n \u00e1nh s\u1ef1 ti\u1ec7n l\u1ee3i v\u00e0 gi\u00e1 tr\u1ecb th\u1ef1c s\u1ef1 cho ng\u01b0\u1eddi d\u00f9ng.            <\/p>\n<p>\n                <strong>V\u0102N H\u00d3A <\/strong>c\u1ee7a ch\u00fang t\u00f4i l\u00e0 <em>L\u00e0m ch\u1ee7 \u2013 Tr\u1ecdn v\u1eb9n \u2013 \u0110\u01a1n gi\u1ea3n<\/em>. Ch\u00fang t\u00f4i khuy\u1ebfn kh\u00edch s\u1ef1 ch\u1ee7 \u0111\u1ed9ng, s\u1ef1 tr\u1ecdn v\u1eb9n trong m\u1ecdi h\u00e0nh \u0111\u1ed9ng v\u00e0 s\u1ef1 \u0111\u01a1n gi\u1ea3n trong c\u00e1ch ti\u1ebfp c\u1eadn v\u1ea5n \u0111\u1ec1. Ba t\u1eeb kh\u00f3a m\u00e0 ch\u00fang t\u00f4i lu\u00f4n tu\u00e2n th\u1ee7 l\u00e0 <em>cam k\u1ebft, gi\u1ea3i quy\u1ebft v\u1ea5n \u0111\u1ec1 v\u00e0 ch\u1ee7 \u0111\u1ed9ng<\/em>. Ch\u00fang t\u00f4i cam k\u1ebft \u0111em l\u1ea1i gi\u1ea3i ph\u00e1p th\u1ef1c t\u1ebf v\u00e0 hi\u1ec7u qu\u1ea3 cho m\u1ecdi th\u00e1ch th\u1ee9c m\u00e0 ng\u01b0\u1eddi d\u00f9ng c\u1ee7a ch\u00fang t\u00f4i \u0111\u1ed1i m\u1eb7t.            <\/p>\n<\/p><\/div>\n<div class=\"about-block hide\">\n<h2 class=\"c-ttl01\">C\u00d4NG TY TH\u00c0NH VI\u00caN            <\/h2>\n<div class=\"c-companyList col-6\">\n<div class=\"item\">\n<div class=\"icon\"><img decoding=\"async\" src=\"https:\/\/edn.com.vn\/wp-content\/uploads\/2023\/04\/icon-1-1.png\"><\/div>\n<div class=\"name\">EDN Co.Ltd<\/div>\n<\/div>\n<div class=\"item\">\n<div class=\"icon\"><img decoding=\"async\" src=\"https:\/\/edn.com.vn\/wp-content\/uploads\/2023\/04\/icon-1-2.png\"><\/div>\n<div class=\"name\">JRB<\/div>\n<\/div>\n<div class=\"item\">\n<div class=\"icon\"><img decoding=\"async\" src=\"https:\/\/edn.com.vn\/wp-content\/uploads\/2023\/04\/icon-1-3.png\"><\/div>\n<div class=\"name\">Vietgate<\/div>\n<\/div>\n<div class=\"item\">\n<div class=\"icon\"><img decoding=\"async\" src=\"https:\/\/edn.com.vn\/wp-content\/uploads\/2023\/04\/icon-1-4.png\"><\/div>\n<div class=\"name\">PHATRASECO<\/div>\n<\/div>\n<div class=\"item\">\n<div class=\"icon\"><img decoding=\"async\" src=\"https:\/\/edn.com.vn\/wp-content\/uploads\/2023\/04\/icon-1-5.png\"><\/div>\n<div class=\"name\">Kha thi<\/div>\n<\/div>\n<div class=\"item\">\n<div class=\"icon\"><img decoding=\"async\" src=\"https:\/\/edn.com.vn\/wp-content\/uploads\/2023\/04\/icon-1-6.png\"><\/div>\n<div class=\"name\">Exe72<\/div>\n<\/div>\n<div class=\"item\">\n<div class=\"icon\"><img decoding=\"async\" src=\"https:\/\/edn.com.vn\/wp-content\/uploads\/2023\/04\/icon-1-7.png\"><\/div>\n<div class=\"name\">Helen<\/div>\n<\/div>\n<div class=\"item\">\n<div class=\"icon\"><img decoding=\"async\" src=\"https:\/\/edn.com.vn\/wp-content\/uploads\/2023\/04\/icon-1-8.png\"><\/div>\n<div class=\"name\">Alphacom<\/div>\n<\/div>\n<\/div><\/div>\n<div class=\"about-block hide\">\n<h2 class=\"c-ttl01\">\u0110\u1ed0I T\u00c1C<\/h2>\n<div class=\"c-companyList col-6 \">\n<div class=\"item\">\n<div class=\"icon\"><img decoding=\"async\" src=\"https:\/\/edn.com.vn\/wp-content\/uploads\/2023\/04\/icon-2-1.png\"><\/div>\n<div class=\"name\">VSS<\/div>\n<\/div>\n<div class=\"item\">\n<div class=\"icon\"><img decoding=\"async\" src=\"https:\/\/edn.com.vn\/wp-content\/uploads\/2023\/04\/icon-2-2.png\"><\/div>\n<div class=\"name\">G-Pay<\/div>\n<\/div>\n<div class=\"item\">\n<div class=\"icon\"><img decoding=\"async\" src=\"https:\/\/edn.com.vn\/wp-content\/uploads\/2023\/04\/icon-2-3.png\"><\/div>\n<div class=\"name\">CMC<\/div>\n<\/div>\n<div class=\"item\">\n<div class=\"icon\"><img decoding=\"async\" src=\"https:\/\/edn.com.vn\/wp-content\/uploads\/2023\/04\/icon-2-4.png\"><\/div>\n<div class=\"name\">IDG<\/div>\n<\/div>\n<div class=\"item\">\n<div class=\"icon\"><img decoding=\"async\" src=\"https:\/\/edn.com.vn\/wp-content\/uploads\/2023\/04\/icon-2-5.png\"><\/div>\n<div class=\"name\">ACB<\/div>\n<\/div>\n<div class=\"item\">\n<div class=\"icon\"><img decoding=\"async\" src=\"https:\/\/edn.com.vn\/wp-content\/uploads\/2023\/04\/icon-2-6.png\"><\/div>\n<div class=\"name\">MOMO<\/div>\n<\/div>\n<div class=\"item\">\n<div class=\"icon\"><img decoding=\"async\" src=\"https:\/\/edn.com.vn\/wp-content\/uploads\/2023\/04\/icon-2-7.png\"><\/div>\n<div class=\"name\">VNPAY<\/div>\n<\/div>\n<div class=\"item\">\n<div class=\"icon\"><img decoding=\"async\" src=\"https:\/\/edn.com.vn\/wp-content\/uploads\/2023\/04\/icon-2-8.png\"><\/div>\n<div class=\"name\">FUNDO<\/div>\n<\/div>\n<div class=\"item\">\n<div class=\"icon\"><img decoding=\"async\" src=\"https:\/\/edn.com.vn\/wp-content\/uploads\/2023\/04\/icon-2-9.png\"><\/div>\n<div class=\"name\">Farmtech<\/div>\n<\/div>\n<div class=\"item\">\n<div class=\"icon\"><img decoding=\"async\" src=\"https:\/\/edn.com.vn\/wp-content\/uploads\/2023\/04\/icon-2-10.png\"><\/div>\n<div class=\"name\">Trustpay<\/div>\n<\/div>\n<div class=\"item\">\n<div class=\"icon\"><img decoding=\"async\" src=\"https:\/\/edn.com.vn\/wp-content\/uploads\/2023\/04\/icon-2-11.png\"><\/div>\n<div class=\"name\">GITS<\/div>\n<\/div>\n<div class=\"item\">\n<div class=\"icon\"><img decoding=\"async\" src=\"https:\/\/edn.com.vn\/wp-content\/uploads\/2023\/04\/icon-2-12.png\"><\/div>\n<div class=\"name\">Vietcombank<\/div>\n<\/div>\n<div class=\"item\">\n<div class=\"icon\"><img decoding=\"async\" src=\"https:\/\/edn.com.vn\/wp-content\/uploads\/2023\/04\/icon-2-13.png\"><\/div>\n<div class=\"name\">Tiki<\/div>\n<\/div>\n<div class=\"item\">\n<div class=\"icon\"><img decoding=\"async\" src=\"https:\/\/edn.com.vn\/wp-content\/uploads\/2023\/04\/icon-2-14.png\"><\/div>\n<div class=\"name\">Shoppe<\/div>\n<\/div>\n<div class=\"item\">\n<div class=\"icon\"><img decoding=\"async\" src=\"https:\/\/edn.com.vn\/wp-content\/uploads\/2023\/04\/icon-2-15.png\"><\/div>\n<div class=\"name\">GHN<\/div>\n<\/div>\n<div class=\"item\">\n<div class=\"icon\"><img decoding=\"async\" src=\"https:\/\/edn.com.vn\/wp-content\/uploads\/2023\/04\/icon-2-16.png\"><\/div>\n<div class=\"name\">GHTK<\/div>\n<\/div>\n<\/div><\/div>\n<div class=\"about-block hide\">\n<h2 class=\"c-ttl01\">KH\u00c1CH H\u00c0NG<\/h2>\n<div class=\"c-companyList col-6 \">\n<div class=\"item\">\n<div class=\"icon\"><img decoding=\"async\" src=\"https:\/\/edn.com.vn\/wp-content\/uploads\/2023\/04\/icon-3-1.png\"><\/div>\n<div class=\"name\">Vietject<\/div>\n<\/div>\n<div class=\"item\">\n<div class=\"icon\"><img decoding=\"async\" src=\"https:\/\/edn.com.vn\/wp-content\/uploads\/2023\/04\/icon-3-2.png\"><\/div>\n<div class=\"name\">KMS<\/div>\n<\/div>\n<div class=\"item\">\n<div class=\"icon\"><img decoding=\"async\" src=\"https:\/\/edn.com.vn\/wp-content\/uploads\/2023\/04\/icon-3-3.png\"><\/div>\n<div class=\"name\">Liberty<\/div>\n<\/div>\n<div class=\"item\">\n<div class=\"icon\"><img decoding=\"async\" src=\"https:\/\/edn.com.vn\/wp-content\/uploads\/2023\/04\/icon-3-4.png\"><\/div>\n<div class=\"name\">Intelisys<\/div>\n<\/div>\n<div class=\"item\">\n<div class=\"icon\"><img decoding=\"async\" src=\"https:\/\/edn.com.vn\/wp-content\/uploads\/2023\/04\/icon-3-5.png\"><\/div>\n<div class=\"name\">Siemens<\/div>\n<\/div>\n<div class=\"item\">\n<div class=\"icon\"><img decoding=\"async\" src=\"https:\/\/edn.com.vn\/wp-content\/uploads\/2023\/04\/icon-3-6.png\"><\/div>\n<div class=\"name\">Air Timor<\/div>\n<\/div>\n<div class=\"item\">\n<div class=\"icon\"><img decoding=\"async\" src=\"https:\/\/edn.com.vn\/wp-content\/uploads\/2023\/04\/icon-3-7.png\"><\/div>\n<div class=\"name\">AIS<\/div>\n<\/div>\n<div class=\"item\">\n<div class=\"icon\"><img decoding=\"async\" src=\"https:\/\/edn.com.vn\/wp-content\/uploads\/2023\/04\/icon-3-8.png\"><\/div>\n<div class=\"name\">Novobi<\/div>\n<\/div>\n<\/div><\/div>\n<div class=\"about-block hide\">\n<h2 class=\"c-ttl01\">\n                B\u00c1O C\u00c1O T\u00c0I CH\u00cdNH<\/h2>\n<div class=\"c-download\">\n<div class=\"item\">\n<div class=\"download-link\"><a href=\"https:\/\/edn.com.vn\/wp-content\/uploads\/2023\/02\/test.pdf\" download target=\"_blank\">Nh\u1ea5p v\u00e0o \u0111\u00e2y \u0111\u1ec3 t\u1ea3i b\u1ea3n b\u00e1o c\u00e1o<\/a><\/div>\n<div class=\"preview\"><iframe src=\"https:\/\/edn.com.vn\/wp-content\/uploads\/2023\/02\/test.pdf\" width=\"100%\"><\/iframe><\/div>\n<\/div>\n<div class=\"item\">\n<div class=\"download-link\"><a href=\"https:\/\/edn.com.vn\/wp-content\/uploads\/2023\/02\/test.pdf\" download target=\"_blank\">Nh\u1ea5p v\u00e0o \u0111\u00e2y \u0111\u1ec3 t\u1ea3i b\u1ea3n b\u00e1o c\u00e1o<\/a><\/div>\n<div class=\"preview\"><iframe src=\"https:\/\/edn.com.vn\/wp-content\/uploads\/2023\/02\/test.pdf\" width=\"100%\"><\/iframe><\/div>\n<\/div>\n<\/div><\/div>\n<\/p><\/div>\n<\/div>\n\n","protected":false},"excerpt":{"rendered":"","protected":false},"author":1,"featured_media":0,"parent":0,"menu_order":0,"comment_status":"closed","ping_status":"closed","template":"","meta":{"footnotes":""},"class_list":["post-5812","page","type-page","status-publish","hentry"],"acf":[],"_links":{"self":[{"href":"https:\/\/edn.com.vn\/vi\/wp-json\/wp\/v2\/pages\/5812","targetHints":{"allow":["GET"]}}],"collection":[{"href":"https:\/\/edn.com.vn\/vi\/wp-json\/wp\/v2\/pages"}],"about":[{"href":"https:\/\/edn.com.vn\/vi\/wp-json\/wp\/v2\/types\/page"}],"author":[{"embeddable":true,"href":"https:\/\/edn.com.vn\/vi\/wp-json\/wp\/v2\/users\/1"}],"replies":[{"embeddable":true,"href":"https:\/\/edn.com.vn\/vi\/wp-json\/wp\/v2\/comments?post=5812"}],"version-history":[{"count":48,"href":"https:\/\/edn.com.vn\/vi\/wp-json\/wp\/v2\/pages\/5812\/revisions"}],"predecessor-version":[{"id":7195,"href":"https:\/\/edn.com.vn\/vi\/wp-json\/wp\/v2\/pages\/5812\/revisions\/7195"}],"wp:attachment":[{"href":"https:\/\/edn.com.vn\/vi\/wp-json\/wp\/v2\/media?parent=5812"}],"curies":[{"name":"wp","href":"https:\/\/api.w.org\/{rel}","templated":true}]}}