{"id":5786,"date":"2023-02-12T04:20:42","date_gmt":"2023-02-12T04:20:42","guid":{"rendered":"https:\/\/edn.com.vn\/?page_id=5786"},"modified":"2024-12-09T15:41:54","modified_gmt":"2024-12-09T15:41:54","slug":"my-journey","status":"publish","type":"page","link":"https:\/\/edn.com.vn\/vi\/my-journey\/","title":{"rendered":"H\u00c0NH TR\u00ccNH C\u1ee6A T\u00d4I"},"content":{"rendered":"\t\t<div data-elementor-type=\"wp-page\" data-elementor-id=\"5786\" class=\"elementor elementor-5786\">\n\t\t\t\t\t\t<section class=\"elementor-section elementor-top-section elementor-element elementor-element-743b75d ot-traditional elementor-section-boxed elementor-section-height-default elementor-section-height-default\" data-id=\"743b75d\" data-element_type=\"section\">\n\t\t\t\t\t\t<div class=\"elementor-container elementor-column-gap-default\">\n\t\t\t\t\t<div class=\"elementor-column elementor-col-100 elementor-top-column elementor-element elementor-element-fa21d68 ot-flex-column-vertical\" data-id=\"fa21d68\" data-element_type=\"column\">\n\t\t\t<div class=\"elementor-widget-wrap elementor-element-populated\">\n\t\t\t\t\t\t<div class=\"elementor-element elementor-element-304b637 elementor-widget elementor-widget-shortcode\" data-id=\"304b637\" data-element_type=\"widget\" data-widget_type=\"shortcode.default\">\n\t\t\t\t<div class=\"elementor-widget-container\">\n\t\t\t\t\t<div class=\"elementor-shortcode\">\n<div class=\"p-journey\">\n<div class=\"pc\">\n\t<div class=\"c-journey\">\n\t\t<div class=\"c-journey__wrapper\">\n\t\t\t<div class=\"c-journey__item c-journey__item--start\">\n\t\t\t\t<div class=\"inner\">\n\t\t\t\t\t<div class=\"text\">\n\t\t\t\t\t\t<span class=\"year year--blue\">2000<\/span>\n\t\t\t\t\t\t<p>\n\t\t\t\t\t\t\tTi\u1ebfp c\u1eadn m\u00e1y t\u00ednh\t\t\t\t\t\t<\/p>\n\t\t\t\t\t<\/div>\n\t\t\t\t\t<div class=\"icon\">\n\t\t\t\t\t\t<img decoding=\"async\" class=\"anim-shake\" src=\"https:\/\/edn.com.vn\/wp-content\/uploads\/2023\/02\/journey-start.png\" alt=\"\">\n\t\t\t\t\t<\/div>\n\t\t\t\t<\/div>\n\t\t\t<\/div>\n\t\t\t<div class=\"c-journey__item\" style=\"flex-basis:505px\">\n\t\t\t\t<span class=\"year\">2007<\/span>\n\t\t\t\t<div class=\"line line--long\"><\/div>\n\t\t\t\t<p>\n\t\t\t\t\tTi\u1ebfp c\u1eadn CNTT t\u1ea1i Aptech\t\t\t\t<\/p>\n\t\t\t<\/div>\n\t\t<\/div>\n\t\t<div class=\"c-journey__wrapper c-journey__reversed\">\n\t\t\t<div class=\"c-journey__item c-journey__item--corner\">\n\t\t\t\t<span class=\"year\">2008<\/span>\n\t\t\t\t<div class=\"line\"><\/div>\n\t\t\t\t<p>\n\t\t\t\t\tTh\u00e0nh l\u1eadp team DNA\t\t\t\t<\/p>\n\t\t\t<\/div>\n\t\t\t<div class=\"c-journey__item\">\n\t\t\t\t<span class=\"year\">2013<\/span>\n\t\t\t\t<div class=\"line\"><\/div>\n\t\t\t\t<p>\n\t\t\t\t\tTh\u00e0nh l\u1eadp c\u00f4ng ty v\u00e0 \u0111\u1ed5i t\u00ean th\u00e0nh EDN\t\t\t\t<\/p>\n\t\t\t<\/div>\n\t\t\t<div class=\"c-journey__item\">\n\t\t\t\t<span class=\"year\">2015<\/span>\n\t\t\t\t<div class=\"line\"><\/div>\n\t\t\t\t<p>\n\t\t\t\t\tTham gia Vascara v\u00e0 <br\/>x\u00e2y d\u1ef1ng th\u00e0nh c\u00f4ng trang th\u01b0\u01a1ng m\u1ea1i \u0111i\u1ec7n t\u1eed Vascara.com\t\t\t\t<\/p>\n\t\t\t<\/div>\n\t\t<\/div>\n\t\t<div class=\"c-journey__wrapper\">\n\t\t\t<div class=\"c-journey__item c-journey__item--corner\">\n\t\t\t\t<span class=\"year\">2018<\/span>\n\t\t\t\t<div class=\"line\"><\/div>\n\t\t\t\t<p>\n\t\t\t\t\tTham gia Maison JSC v\u00e0 x\u00e2y d\u1ef1ng th\u00e0nh c\u00f4ng <br\/>trang th\u01b0\u01a1ng m\u1ea1i \u0111i\u1ec7n t\u1eed maisononline.vn\t\t\t\t<\/p>\n\t\t\t<\/div>\n\t\t\t<div class=\"c-journey__item\">\n\t\t\t\t<span class=\"year\">2019<\/span>\n\t\t\t\t<div class=\"line\"><\/div>\n\t\t\t\t<p>\n\t\t\t\t\tTham gia Landers, x\u00e2y d\u1ef1ng Landers.ph t\u1ea1i Snapmart. <br\/>Anh c\u0169ng tham gia v\u00e0 x\u00e2y d\u1ef1ng Swift 247, <br\/>\u0111\u1ed3ng s\u00e1ng l\u1eadp c\u00f4ng ty Jamalex\t\t\t\t<\/p>\n\t\t\t<\/div>\n\t\t\t<div class=\"c-journey__item\">\n\t\t\t\t<span class=\"year\">2021<\/span>\n\t\t\t\t<div class=\"line\"><\/div>\n\t\t\t\t<p>\n\t\t\t\t\tTham gia th\u00e0nh l\u1eadp c\u00e1c c\u00f4ng ty EXE72 Holdings, Helen, Alphacom\t\t\t\t<\/p>\n\t\t\t<\/div>\n\t\t<\/div>\n\t\t<div class=\"c-journey__wrapper c-journey__reversed c-journey__wrapper--last\">\n\t\t\t<div class=\"c-journey__item c-journey__item--corner c-journey__item--last\">\n\t\t\t\t<div class=\"inner\">\n\t\t\t\t\t<div class=\"icon\">\n\t\t\t\t\t\t<img decoding=\"async\" class=\"anim-shake\" src=\"https:\/\/edn.com.vn\/wp-content\/uploads\/2023\/02\/journey-end.png\" alt=\"\">\n\t\t\t\t\t<\/div>\n\t\t\t\t\t<div class=\"text\">\n\t\t\t\t\t\t<span class=\"year year--blue\">\n\t\t\t\t\t\t\tHi\u1ec7n t\u1ea1i\t\t\t\t\t\t<\/span>\n\t\t\t\t\t\t<div class=\"line\"><\/div>\n\t\t\t\t\t\t<p>...<\/p>\n\t\t\t\t\t<\/div>\n\t\t\t\t<\/div>\n\t\t\t<\/div>\n\t\t<\/div>\n\t<\/div>\n<\/div>\n\n<div class=\"sp\">\n\t<div class=\"c-journeySp\">\n\t\t<div class=\"c-journeySp__item c-journeySp__item--first\">\n\t\t\t<div class=\"c-journeySp__inner\">\n\t\t\t\t<div class=\"c-journeySp__text\">\n\t\t\t\t\t<div class=\"year year--blue\">2000<\/div>\n\t\t\t\t\t<p>\n\t\t\t\t\t\tTi\u1ebfp c\u1eadn m\u00e1y t\u00ednh\t\t\t\t\t<\/p>\n\t\t\t\t<\/div>\n\t\t\t\t<div class=\"icon\">\n\t\t\t\t\t<img decoding=\"async\" class=\"anim-shake\" src=\"https:\/\/edn.com.vn\/wp-content\/uploads\/2023\/02\/journey-start.png\" alt=\"\">\n\t\t\t\t<\/div>\n\t\t\t<\/div>\n\t\t<\/div>\n\t\t<div class=\"c-journeySp__item\">\n\t\t\t<div class=\"c-journeySp__text\">\n\t\t\t\t<div class=\"year\">2007<\/div>\n\t\t\t\t<div class=\"line\"><\/div>\n\t\t\t\t<p>\n\t\t\t\t\tTi\u1ebfp c\u1eadn CNTT t\u1ea1i Aptech\t\t\t\t<\/p>\n\t\t\t<\/div>\n\t\t<\/div>\n\t\t<div class=\"c-journeySp__item\">\n\t\t\t<div class=\"c-journeySp__text\">\n\t\t\t\t<div class=\"year\">2008<\/div>\n\t\t\t\t<div class=\"line\"><\/div>\n\t\t\t\t<p>\n\t\t\t\t\tTh\u00e0nh l\u1eadp team DNA\t\t\t\t<\/p>\n\t\t\t<\/div>\n\t\t<\/div>\n\t\t<div class=\"c-journeySp__item\">\n\t\t\t<div class=\"c-journeySp__text\">\n\t\t\t\t<div class=\"year\">2013<\/div>\n\t\t\t\t<div class=\"line\"><\/div>\n\t\t\t\t<p>\n\t\t\t\t\tTh\u00e0nh l\u1eadp c\u00f4ng ty v\u00e0 <br\/>\u0111\u1ed5i t\u00ean th\u00e0nh EDN\t\t\t\t<\/p>\n\t\t\t<\/div>\n\t\t<\/div>\n\t\t<div class=\"c-journeySp__item\">\n\t\t\t<div class=\"c-journeySp__text\">\n\t\t\t\t<div class=\"year year--blue\">2015<\/div>\n\t\t\t\t<div class=\"line\"><\/div>\n\t\t\t\t<p>\n\t\t\t\t\tTham gia Vascara <br\/>v\u00e0 x\u00e2y d\u1ef1ng th\u00e0nh c\u00f4ng <br\/>trang th\u01b0\u01a1ng m\u1ea1i \u0111i\u1ec7n t\u1eed <br\/>Vascara.co\t\n\t\t\t\t<\/p>\n\t\t\t<\/div>\n\t\t<\/div>\n\t\t<div class=\"c-journeySp__item\">\n\t\t\t<div class=\"c-journeySp__text\">\n\t\t\t\t<div class=\"year\">2018<\/div>\n\t\t\t\t<div class=\"line\"><\/div>\n\t\t\t\t<p>\n\t\t\t\t\tTham gia Maison JSC <br\/>v\u00e0 x\u00e2y d\u1ef1ng th\u00e0nh c\u00f4ng <br\/>trang th\u01b0\u01a1ng m\u1ea1i \u0111i\u1ec7n t\u1eed <br\/>maisononline.vn\t\t\t\t\n\t\t\t\t<\/p>\n\t\t\t<\/div>\n\t\t<\/div>\n\t\t<div class=\"c-journeySp__item\">\n\t\t\t<div class=\"c-journeySp__text\">\n\t\t\t\t<div class=\"year\">2019<\/div>\n\t\t\t\t<div class=\"line\"><\/div>\n\t\t\t\t<p>\n\t\t\t\t\tTham gia Landers, <br\/>x\u00e2y d\u1ef1ng Landers.ph t\u1ea1i Snapmart. <br\/>Anh c\u0169ng tham gia v\u00e0 x\u00e2y d\u1ef1ng <br\/>Swift 247, <br\/>\u0111\u1ed3ng s\u00e1ng l\u1eadp c\u00f4ng ty Jamalex\t\t\t\t\t\n\t\t\t\t<\/p>\n\t\t\t<\/div>\n\t\t<\/div>\n\t\t<div class=\"c-journeySp__item\">\n\t\t\t<div class=\"c-journeySp__text\">\n\t\t\t\t<div class=\"year\">2021<\/div>\n\t\t\t\t<div class=\"line\"><\/div>\n\t\t\t\t<p>\n\t\t\t\t\tTham gia th\u00e0nh l\u1eadp <br\/>c\u00e1c c\u00f4ng ty <br\/>EXE72 Holdings, Helen, Alphacom\t\t\t\t\t\n\t\t\t\t<\/p>\n\t\t\t<\/div>\n\t\t<\/div>\n\t\t<div class=\"c-journeySp__item\">\n\t\t\t<div class=\"c-journeySp__text\">\n\t\t\t\t<div class=\"year year--blue fix-br\">Hi\u1ec7n t\u1ea1i<\/div>\n\t\t\t\t<div class=\"line\"><\/div>\n\t\t\t\t<p>...<\/p>\n\t\t\t<\/div>\n\t\t<\/div>\n\t\t<div class=\"c-journeySp__item c-journeySp__item--last\">\n\t\t\t<div class=\"c-journeySp__inner\">\n\t\t\t\t<div class=\"icon\">\n\t\t\t\t\t<img decoding=\"async\" class=\"anim-shake\" src=\"https:\/\/edn.com.vn\/wp-content\/uploads\/2023\/02\/journey-end.png\" alt=\"\">\n\t\t\t\t<\/div>\n\t\t\t<\/div>\n\t\t<\/div>\n\t<\/div>\n<\/div>\n<\/div>\n\n<\/div>\n\t\t\t\t<\/div>\n\t\t\t\t<\/div>\n\t\t\t\t\t<\/div>\n\t\t<\/div>\n\t\t\t\t\t<\/div>\n\t\t<\/section>\n\t\t\t\t<\/div>\n\t\t","protected":false},"excerpt":{"rendered":"","protected":false},"author":1,"featured_media":0,"parent":0,"menu_order":0,"comment_status":"closed","ping_status":"closed","template":"","meta":{"footnotes":""},"class_list":["post-5786","page","type-page","status-publish","hentry"],"acf":[],"_links":{"self":[{"href":"https:\/\/edn.com.vn\/vi\/wp-json\/wp\/v2\/pages\/5786","targetHints":{"allow":["GET"]}}],"collection":[{"href":"https:\/\/edn.com.vn\/vi\/wp-json\/wp\/v2\/pages"}],"about":[{"href":"https:\/\/edn.com.vn\/vi\/wp-json\/wp\/v2\/types\/page"}],"author":[{"embeddable":true,"href":"https:\/\/edn.com.vn\/vi\/wp-json\/wp\/v2\/users\/1"}],"replies":[{"embeddable":true,"href":"https:\/\/edn.com.vn\/vi\/wp-json\/wp\/v2\/comments?post=5786"}],"version-history":[{"count":7,"href":"https:\/\/edn.com.vn\/vi\/wp-json\/wp\/v2\/pages\/5786\/revisions"}],"predecessor-version":[{"id":8073,"href":"https:\/\/edn.com.vn\/vi\/wp-json\/wp\/v2\/pages\/5786\/revisions\/8073"}],"wp:attachment":[{"href":"https:\/\/edn.com.vn\/vi\/wp-json\/wp\/v2\/media?parent=5786"}],"curies":[{"name":"wp","href":"https:\/\/api.w.org\/{rel}","templated":true}]}}