{"id":5769,"date":"2023-02-12T02:46:56","date_gmt":"2023-02-12T02:46:56","guid":{"rendered":"https:\/\/edn.com.vn\/?page_id=5769"},"modified":"2025-04-21T03:20:59","modified_gmt":"2025-04-21T03:20:59","slug":"contact","status":"publish","type":"page","link":"https:\/\/edn.com.vn\/vi\/contact\/","title":{"rendered":"LI\u00caN H\u1ec6"},"content":{"rendered":"\n<ul class=\"wp-block-list ticss-7285d21e info-list\">\n<li><img decoding=\"async\" width=\"20\" height=\"20\" class=\"wp-image-5774\" style=\"width: 20px;\" src=\"https:\/\/edn.com.vn\/wp-content\/uploads\/2023\/02\/sms.png\" alt=\"\">info@edn.com.vn<\/li>\n\n\n\n<li><img decoding=\"async\" width=\"20\" height=\"20\" class=\"wp-image-5775\" style=\"width: 20px;\" src=\"https:\/\/edn.com.vn\/wp-content\/uploads\/2023\/02\/call.png\" alt=\"\">+84 86 912 9599<\/li>\n\n\n\n<li><img decoding=\"async\" width=\"20\" height=\"20\" class=\"wp-image-6129\" style=\"width: 20px;\" src=\"https:\/\/edn.com.vn\/wp-content\/uploads\/2023\/03\/icon-tax.png\" alt=\"\">3801058649<\/li>\n\n\n\n<li><img loading=\"lazy\" decoding=\"async\" width=\"20\" height=\"20\" class=\"wp-image-5777\" style=\"width: 20px;\" src=\"https:\/\/edn.com.vn\/wp-content\/uploads\/2023\/02\/location.png\" alt=\"\">V\u0103n ph\u00f2ng HCM: 31 \u0110\u01b0\u1eddng s\u1ed1 01, Ph\u01b0\u1eddng An Kh\u00e1nh, Tp Th\u1ee7 \u0110\u1ee9c, Tp.HCM, Vi\u1ec7t Nam<\/li>\n\n\n\n<li><img loading=\"lazy\" decoding=\"async\" width=\"20\" height=\"20\" class=\"wp-image-5777\" style=\"width: 20px;\" src=\"https:\/\/edn.com.vn\/wp-content\/uploads\/2023\/02\/location.png\" alt=\"\">V\u0103n ph\u00f2ng \u0110\u00e0 N\u1eb5ng: 50 B\u1ea1ch \u0110\u1eb1ng, Ph\u01b0\u1eddng H\u1ea3i Ch\u00e2u I, Qu\u1eadn H\u1ea3i Ch\u00e2u, Tp \u0110\u00e0 N\u1eb5ng, Vi\u1ec7t Nam<\/li>\n\n\n\n<li><img loading=\"lazy\" decoding=\"async\" width=\"20\" height=\"20\" class=\"wp-image-5777\" style=\"width: 20px;\" src=\"https:\/\/edn.com.vn\/wp-content\/uploads\/2023\/02\/location.png\" alt=\"\">V\u0103n ph\u00f2ng H\u00e0 N\u1ed9i: Ellipse Tower, 110 Tr\u1ea7n Ph\u00fa, Qu\u1eadn H\u00e0 \u0110\u00f4ng, H\u00e0 N\u1ed9i, Vi\u1ec7t Nam<\/li>\n\n\n\n<li><img loading=\"lazy\" decoding=\"async\" width=\"20\" height=\"20\" class=\"wp-image-5777\" style=\"width: 20px;\" src=\"https:\/\/edn.com.vn\/wp-content\/uploads\/2023\/02\/location.png\" alt=\"\">Tr\u1ee5 s\u1edf: 1088 Qu\u1ed1c l\u1ed9 14, Ph\u01b0\u1eddng Ti\u1ebfn Th\u00e0nh, Th\u00e0nh ph\u1ed1 \u0110\u1ed3ng Xo\u00e0i, T\u1ec9nh B\u00ecnh Ph\u01b0\u1edbc, Vi\u1ec7t Nam<\/li>\n\n\n\n<li class=\"contact-btn ticss-7c42671e\"><img loading=\"lazy\" decoding=\"async\" width=\"20\" height=\"20\" class=\"wp-image-5778\" style=\"width: 20px;\" src=\"https:\/\/edn.com.vn\/wp-content\/uploads\/2023\/02\/message.png\" alt=\"\"><a href=\"#contact\" data-type=\"internal\" data-id=\"#contact\">Li\u00ean h\u1ec7 ngay<\/a><\/li>\n<\/ul>\n","protected":false},"excerpt":{"rendered":"","protected":false},"author":1,"featured_media":0,"parent":0,"menu_order":0,"comment_status":"closed","ping_status":"closed","template":"","meta":{"footnotes":""},"class_list":["post-5769","page","type-page","status-publish","hentry"],"acf":[],"_links":{"self":[{"href":"https:\/\/edn.com.vn\/vi\/wp-json\/wp\/v2\/pages\/5769","targetHints":{"allow":["GET"]}}],"collection":[{"href":"https:\/\/edn.com.vn\/vi\/wp-json\/wp\/v2\/pages"}],"about":[{"href":"https:\/\/edn.com.vn\/vi\/wp-json\/wp\/v2\/types\/page"}],"author":[{"embeddable":true,"href":"https:\/\/edn.com.vn\/vi\/wp-json\/wp\/v2\/users\/1"}],"replies":[{"embeddable":true,"href":"https:\/\/edn.com.vn\/vi\/wp-json\/wp\/v2\/comments?post=5769"}],"version-history":[{"count":34,"href":"https:\/\/edn.com.vn\/vi\/wp-json\/wp\/v2\/pages\/5769\/revisions"}],"predecessor-version":[{"id":11308,"href":"https:\/\/edn.com.vn\/vi\/wp-json\/wp\/v2\/pages\/5769\/revisions\/11308"}],"wp:attachment":[{"href":"https:\/\/edn.com.vn\/vi\/wp-json\/wp\/v2\/media?parent=5769"}],"curies":[{"name":"wp","href":"https:\/\/api.w.org\/{rel}","templated":true}]}}